{"id":33807,"date":"2023-03-04T07:54:12","date_gmt":"2023-03-04T05:54:12","guid":{"rendered":"https:\/\/uus.smiletex.ee\/wishlist\/"},"modified":"2023-03-06T12:59:13","modified_gmt":"2023-03-06T10:59:13","slug":"wishlist","status":"publish","type":"page","link":"https:\/\/smiletex.ee\/en\/wishlist\/","title":{"rendered":"Wishlist"},"content":{"rendered":"\t\t<div data-elementor-type=\"wp-page\" data-elementor-id=\"33807\" class=\"elementor elementor-33807 elementor-33688\" data-elementor-post-type=\"page\">\n\t\t\t\t\t\t\t\t\t<section class=\"wd-negative-gap elementor-section elementor-top-section elementor-element elementor-element-c8fcb4e wd-section-stretch elementor-section-boxed elementor-section-height-default elementor-section-height-default\" data-id=\"c8fcb4e\" data-element_type=\"section\">\n\t\t\t\t\t\t<div class=\"elementor-container elementor-column-gap-default\">\n\t\t\t\t\t<div class=\"elementor-column elementor-col-100 elementor-top-column elementor-element elementor-element-54c7278\" data-id=\"54c7278\" data-element_type=\"column\">\n\t\t\t<div class=\"elementor-widget-wrap elementor-element-populated\">\n\t\t\t\t\t\t\t\t\t<\/div>\n\t\t<\/div>\n\t\t\t\t\t\t\t<\/div>\n\t\t<\/section>\n\t\t\t\t\t\t\t<\/div>\n\t\t","protected":false},"excerpt":{"rendered":"<p>Minu konto T\u00f6\u00f6laud Tellimused Aadressid Konto andmed V\u00e4ljalogimine Your products wishlist Jaga: Remove Select all Deselect all Remove V\u00f5rdle Kiirvaade<\/p>\n","protected":false},"author":69,"featured_media":0,"parent":0,"menu_order":0,"comment_status":"closed","ping_status":"closed","template":"elementor_theme","meta":{"footnotes":""},"class_list":["post-33807","page","type-page","status-publish","hentry"],"yoast_head":"<!-- This site is optimized with the Yoast SEO Premium plugin v25.3.1 (Yoast SEO v25.3.1) - https:\/\/yoast.com\/wordpress\/plugins\/seo\/ -->\n<title>Wishlist | Smiletex.ee<\/title>\n<meta name=\"robots\" content=\"index, follow, max-snippet:-1, max-image-preview:large, max-video-preview:-1\" \/>\n<link rel=\"canonical\" href=\"https:\/\/smiletex.ee\/en\/wishlist\/\" \/>\n<meta property=\"og:locale\" content=\"en_US\" \/>\n<meta property=\"og:type\" content=\"article\" \/>\n<meta property=\"og:title\" content=\"Wishlist\" \/>\n<meta property=\"og:description\" content=\"Minu konto T\u00f6\u00f6laud Tellimused Aadressid Konto andmed V\u00e4ljalogimine Your products wishlist Jaga: Remove Select all Deselect all Remove V\u00f5rdle Kiirvaade\" \/>\n<meta property=\"og:url\" content=\"https:\/\/smiletex.ee\/en\/wishlist\/\" \/>\n<meta property=\"og:site_name\" content=\"Smiletex.ee\" \/>\n<meta property=\"article:publisher\" content=\"https:\/\/www.facebook.com\/smiletex\/\" \/>\n<meta property=\"article:modified_time\" content=\"2023-03-06T10:59:13+00:00\" \/>\n<meta property=\"og:image\" content=\"https:\/\/smiletex.ee\/wp-content\/uploads\/2020\/11\/Kokajakk-Julien_valge-2-310x413.jpg\" \/>\n<meta name=\"twitter:card\" content=\"summary_large_image\" \/>\n<script type=\"application\/ld+json\" class=\"yoast-schema-graph\">{\"@context\":\"https:\/\/schema.org\",\"@graph\":[{\"@type\":\"WebPage\",\"@id\":\"https:\/\/smiletex.ee\/en\/wishlist\/\",\"url\":\"https:\/\/smiletex.ee\/en\/wishlist\/\",\"name\":\"Wishlist | Smiletex.ee\",\"isPartOf\":{\"@id\":\"https:\/\/smiletex.ee\/#website\"},\"primaryImageOfPage\":{\"@id\":\"https:\/\/smiletex.ee\/en\/wishlist\/#primaryimage\"},\"image\":{\"@id\":\"https:\/\/smiletex.ee\/en\/wishlist\/#primaryimage\"},\"thumbnailUrl\":\"https:\/\/smiletex.ee\/wp-content\/uploads\/2020\/11\/Kokajakk-Julien_valge-2-310x413.jpg\",\"datePublished\":\"2023-03-04T05:54:12+00:00\",\"dateModified\":\"2023-03-06T10:59:13+00:00\",\"breadcrumb\":{\"@id\":\"https:\/\/smiletex.ee\/en\/wishlist\/#breadcrumb\"},\"inLanguage\":\"en-US\",\"potentialAction\":[{\"@type\":\"ReadAction\",\"target\":[\"https:\/\/smiletex.ee\/en\/wishlist\/\"]}]},{\"@type\":\"ImageObject\",\"inLanguage\":\"en-US\",\"@id\":\"https:\/\/smiletex.ee\/en\/wishlist\/#primaryimage\",\"url\":\"https:\/\/smiletex.ee\/wp-content\/uploads\/2020\/11\/Kokajakk-Julien_valge-2-310x413.jpg\",\"contentUrl\":\"https:\/\/smiletex.ee\/wp-content\/uploads\/2020\/11\/Kokajakk-Julien_valge-2-310x413.jpg\"},{\"@type\":\"BreadcrumbList\",\"@id\":\"https:\/\/smiletex.ee\/en\/wishlist\/#breadcrumb\",\"itemListElement\":[{\"@type\":\"ListItem\",\"position\":1,\"name\":\"Avaleht\",\"item\":\"https:\/\/smiletex.ee\/en\/\"},{\"@type\":\"ListItem\",\"position\":2,\"name\":\"Wishlist\"}]},{\"@type\":\"WebSite\",\"@id\":\"https:\/\/smiletex.ee\/#website\",\"url\":\"https:\/\/smiletex.ee\/\",\"name\":\"Smiletex.ee\",\"description\":\"T&ouml;&ouml;riided HoReCa, meditsiini ja &auml;riklientidele!\",\"publisher\":{\"@id\":\"https:\/\/smiletex.ee\/#organization\"},\"potentialAction\":[{\"@type\":\"SearchAction\",\"target\":{\"@type\":\"EntryPoint\",\"urlTemplate\":\"https:\/\/smiletex.ee\/?s={search_term_string}\"},\"query-input\":{\"@type\":\"PropertyValueSpecification\",\"valueRequired\":true,\"valueName\":\"search_term_string\"}}],\"inLanguage\":\"en-US\"},{\"@type\":\"Organization\",\"@id\":\"https:\/\/smiletex.ee\/#organization\",\"name\":\"Smiletex.ee\",\"url\":\"https:\/\/smiletex.ee\/\",\"logo\":{\"@type\":\"ImageObject\",\"inLanguage\":\"en-US\",\"@id\":\"https:\/\/smiletex.ee\/#\/schema\/logo\/image\/\",\"url\":\"https:\/\/smiletex.ee\/wp-content\/uploads\/2023\/03\/logo.png\",\"contentUrl\":\"https:\/\/smiletex.ee\/wp-content\/uploads\/2023\/03\/logo.png\",\"width\":600,\"height\":185,\"caption\":\"Smiletex.ee\"},\"image\":{\"@id\":\"https:\/\/smiletex.ee\/#\/schema\/logo\/image\/\"},\"sameAs\":[\"https:\/\/www.facebook.com\/smiletex\/\",\"https:\/\/www.instagram.com\/smiletex_textiles\"],\"hasMerchantReturnPolicy\":{\"@type\":\"MerchantReturnPolicy\",\"merchantReturnLink\":\"https:\/\/smiletex.ee\/muugitingimused\/\"}}]}<\/script>\n<!-- \/ Yoast SEO Premium plugin. -->","yoast_head_json":{"title":"Wishlist | Smiletex.ee","robots":{"index":"index","follow":"follow","max-snippet":"max-snippet:-1","max-image-preview":"max-image-preview:large","max-video-preview":"max-video-preview:-1"},"canonical":"https:\/\/smiletex.ee\/en\/wishlist\/","og_locale":"en_US","og_type":"article","og_title":"Wishlist","og_description":"Minu konto T\u00f6\u00f6laud Tellimused Aadressid Konto andmed V\u00e4ljalogimine Your products wishlist Jaga: Remove Select all Deselect all Remove V\u00f5rdle Kiirvaade","og_url":"https:\/\/smiletex.ee\/en\/wishlist\/","og_site_name":"Smiletex.ee","article_publisher":"https:\/\/www.facebook.com\/smiletex\/","article_modified_time":"2023-03-06T10:59:13+00:00","og_image":[{"url":"https:\/\/smiletex.ee\/wp-content\/uploads\/2020\/11\/Kokajakk-Julien_valge-2-310x413.jpg","type":"","width":"","height":""}],"twitter_card":"summary_large_image","schema":{"@context":"https:\/\/schema.org","@graph":[{"@type":"WebPage","@id":"https:\/\/smiletex.ee\/en\/wishlist\/","url":"https:\/\/smiletex.ee\/en\/wishlist\/","name":"Wishlist | Smiletex.ee","isPartOf":{"@id":"https:\/\/smiletex.ee\/#website"},"primaryImageOfPage":{"@id":"https:\/\/smiletex.ee\/en\/wishlist\/#primaryimage"},"image":{"@id":"https:\/\/smiletex.ee\/en\/wishlist\/#primaryimage"},"thumbnailUrl":"https:\/\/smiletex.ee\/wp-content\/uploads\/2020\/11\/Kokajakk-Julien_valge-2-310x413.jpg","datePublished":"2023-03-04T05:54:12+00:00","dateModified":"2023-03-06T10:59:13+00:00","breadcrumb":{"@id":"https:\/\/smiletex.ee\/en\/wishlist\/#breadcrumb"},"inLanguage":"en-US","potentialAction":[{"@type":"ReadAction","target":["https:\/\/smiletex.ee\/en\/wishlist\/"]}]},{"@type":"ImageObject","inLanguage":"en-US","@id":"https:\/\/smiletex.ee\/en\/wishlist\/#primaryimage","url":"https:\/\/smiletex.ee\/wp-content\/uploads\/2020\/11\/Kokajakk-Julien_valge-2-310x413.jpg","contentUrl":"https:\/\/smiletex.ee\/wp-content\/uploads\/2020\/11\/Kokajakk-Julien_valge-2-310x413.jpg"},{"@type":"BreadcrumbList","@id":"https:\/\/smiletex.ee\/en\/wishlist\/#breadcrumb","itemListElement":[{"@type":"ListItem","position":1,"name":"Avaleht","item":"https:\/\/smiletex.ee\/en\/"},{"@type":"ListItem","position":2,"name":"Wishlist"}]},{"@type":"WebSite","@id":"https:\/\/smiletex.ee\/#website","url":"https:\/\/smiletex.ee\/","name":"Smiletex.ee","description":"T&ouml;&ouml;riided HoReCa, meditsiini ja &auml;riklientidele!","publisher":{"@id":"https:\/\/smiletex.ee\/#organization"},"potentialAction":[{"@type":"SearchAction","target":{"@type":"EntryPoint","urlTemplate":"https:\/\/smiletex.ee\/?s={search_term_string}"},"query-input":{"@type":"PropertyValueSpecification","valueRequired":true,"valueName":"search_term_string"}}],"inLanguage":"en-US"},{"@type":"Organization","@id":"https:\/\/smiletex.ee\/#organization","name":"Smiletex.ee","url":"https:\/\/smiletex.ee\/","logo":{"@type":"ImageObject","inLanguage":"en-US","@id":"https:\/\/smiletex.ee\/#\/schema\/logo\/image\/","url":"https:\/\/smiletex.ee\/wp-content\/uploads\/2023\/03\/logo.png","contentUrl":"https:\/\/smiletex.ee\/wp-content\/uploads\/2023\/03\/logo.png","width":600,"height":185,"caption":"Smiletex.ee"},"image":{"@id":"https:\/\/smiletex.ee\/#\/schema\/logo\/image\/"},"sameAs":["https:\/\/www.facebook.com\/smiletex\/","https:\/\/www.instagram.com\/smiletex_textiles"],"hasMerchantReturnPolicy":{"@type":"MerchantReturnPolicy","merchantReturnLink":"https:\/\/smiletex.ee\/muugitingimused\/"}}]}},"_links":{"self":[{"href":"https:\/\/smiletex.ee\/en\/wp-json\/wp\/v2\/pages\/33807","targetHints":{"allow":["GET"]}}],"collection":[{"href":"https:\/\/smiletex.ee\/en\/wp-json\/wp\/v2\/pages"}],"about":[{"href":"https:\/\/smiletex.ee\/en\/wp-json\/wp\/v2\/types\/page"}],"author":[{"embeddable":true,"href":"https:\/\/smiletex.ee\/en\/wp-json\/wp\/v2\/users\/69"}],"replies":[{"embeddable":true,"href":"https:\/\/smiletex.ee\/en\/wp-json\/wp\/v2\/comments?post=33807"}],"version-history":[{"count":0,"href":"https:\/\/smiletex.ee\/en\/wp-json\/wp\/v2\/pages\/33807\/revisions"}],"wp:attachment":[{"href":"https:\/\/smiletex.ee\/en\/wp-json\/wp\/v2\/media?parent=33807"}],"curies":[{"name":"wp","href":"https:\/\/api.w.org\/{rel}","templated":true}]}}